{"id":7111,"date":"2020-08-14T14:45:11","date_gmt":"2020-08-14T12:45:11","guid":{"rendered":"http:\/\/www.iespedromunozseca.es\/?page_id=7111"},"modified":"2025-10-03T19:46:27","modified_gmt":"2025-10-03T17:46:27","slug":"titulos","status":"publish","type":"page","link":"https:\/\/www.iespedromunozseca.es\/?page_id=7111","title":{"rendered":"T\u00cdTULOS"},"content":{"rendered":"\n<p><\/p>\n\n\n\n<figure class=\"wp-block-pullquote\"><blockquote><p>PROCEDIMIENTO RECOGIDA DE T\u00cdTULOS<\/p><\/blockquote><\/figure>\n\n\n\n<p>Para la recogida de un t\u00edtulo debe presentarse personalmente en la Secretar\u00eda del centro en la hora concertada provisto de su&nbsp;<strong>D.N.I.<\/strong><\/p>\n\n\n\n<p>Si no puede hacerlo personalmente, podr\u00e1 autorizar a otra persona, preferentemente un familiar, que deber\u00e1 presentar un escrito de autorizaci\u00f3n firmado por el titular en el que deber\u00e1 figurar el nombre y apellidos y n\u00famero de DNI de la persona autorizada junto con una fotocopia simple del D.N.I. del alumno\/a que autoriza a retirar su t\u00edtulo.&nbsp;&nbsp;La persona autorizada deber\u00e1&nbsp;acreditarse mediante&nbsp;su D.N.I.<\/p>\n\n\n\n<p class=\"has-text-align-right\">&nbsp;&nbsp;&nbsp;&nbsp;&nbsp;<a href=\"http:\/\/www.iespedromunozseca.es\/wp-content\/uploads\/2015\/06\/instrucciones-para-cumplimentar-el-modelo-046.pdf\"><span class=\"has-inline-color has-vivid-cyan-blue-color\">Instrucciones para cumplimentar el modelo 046<\/span><\/a><\/p>\n\n\n\n<figure class=\"wp-block-pullquote\"><blockquote><p>SOLICITUD DE T\u00cdTULOS DESDE LA SECRETAR\u00cdA VIRTUAL<\/p><\/blockquote><\/figure>\n\n\n<a href=\"https:\/\/www.iespedromunozseca.es\/wp-content\/uploads\/2021\/12\/IES-PEDRO-MUNOZ-SECA-INSTRUCCIONES-TITULOS.pdf\" class=\"pdfemb-viewer\" style=\"\" data-width=\"max\" data-height=\"max\" data-toolbar=\"bottom\" data-toolbar-fixed=\"off\">IES-PEDRO-MUNOZ-SECA-INSTRUCCIONES-TITULOS<\/a>\n<p class=\"wp-block-pdfemb-pdf-embedder-viewer\"><\/p>\n","protected":false},"excerpt":{"rendered":"<p>PROCEDIMIENTO RECOGIDA DE T\u00cdTULOS Para la recogida de un t\u00edtulo debe presentarse personalmente en la Secretar\u00eda del centro en la hora concertada provisto de su&nbsp;D.N.I. Si no puede hacerlo personalmente, podr\u00e1 autorizar a otra persona, preferentemente un familiar, que deber\u00e1 presentar un escrito de autorizaci\u00f3n firmado por el titular en el que deber\u00e1 figurar el nombre y apellidos y n\u00famero de DNI de la persona autorizada junto con una fotocopia simple del D.N.I. del alumno\/a que autoriza a retirar su&#8230;<\/p>\n<p class=\"read-more\"><a class=\"btn btn-default\" href=\"https:\/\/www.iespedromunozseca.es\/?page_id=7111\"> Leer m\u00e1s<span class=\"screen-reader-text\">  Leer m\u00e1s<\/span><\/a><\/p>\n","protected":false},"author":3,"featured_media":0,"parent":0,"menu_order":0,"comment_status":"closed","ping_status":"closed","template":"","meta":[],"_links":{"self":[{"href":"https:\/\/www.iespedromunozseca.es\/index.php?rest_route=\/wp\/v2\/pages\/7111"}],"collection":[{"href":"https:\/\/www.iespedromunozseca.es\/index.php?rest_route=\/wp\/v2\/pages"}],"about":[{"href":"https:\/\/www.iespedromunozseca.es\/index.php?rest_route=\/wp\/v2\/types\/page"}],"author":[{"embeddable":true,"href":"https:\/\/www.iespedromunozseca.es\/index.php?rest_route=\/wp\/v2\/users\/3"}],"replies":[{"embeddable":true,"href":"https:\/\/www.iespedromunozseca.es\/index.php?rest_route=%2Fwp%2Fv2%2Fcomments&post=7111"}],"version-history":[{"count":16,"href":"https:\/\/www.iespedromunozseca.es\/index.php?rest_route=\/wp\/v2\/pages\/7111\/revisions"}],"predecessor-version":[{"id":11238,"href":"https:\/\/www.iespedromunozseca.es\/index.php?rest_route=\/wp\/v2\/pages\/7111\/revisions\/11238"}],"wp:attachment":[{"href":"https:\/\/www.iespedromunozseca.es\/index.php?rest_route=%2Fwp%2Fv2%2Fmedia&parent=7111"}],"curies":[{"name":"wp","href":"https:\/\/api.w.org\/{rel}","templated":true}]}}