{"id":7110,"date":"2020-08-14T14:58:00","date_gmt":"2020-08-14T12:58:00","guid":{"rendered":"http:\/\/www.iespedromunozseca.es\/?page_id=7110"},"modified":"2020-08-15T22:03:05","modified_gmt":"2020-08-15T20:03:05","slug":"secretaria-2","status":"publish","type":"page","link":"https:\/\/www.iespedromunozseca.es\/?page_id=7110","title":{"rendered":"SECRETAR\u00cdA"},"content":{"rendered":"\n<p><a href=\"http:\/\/www.iespedromunozseca.es\/?page_id=265\">PREINSCRIPCI\u00d3N Y MATRICULACI\u00d3N<\/a><\/p>\n\n\n\n<p><a href=\"http:\/\/www.iespedromunozseca.es\/?page_id=7111&amp;preview=true\">T\u00cdTULOS<\/a><\/p>\n\n\n\n<p><a href=\"http:\/\/www.iespedromunozseca.es\/?page_id=430\">LIBROS DE TEXTO<\/a><\/p>\n\n\n\n<p><a href=\"http:\/\/www.iespedromunozseca.es\/?page_id=7113&amp;preview=true\">CALENDARIO<\/a><\/p>\n\n\n\n<p><a href=\"http:\/\/www.iespedromunozseca.es\/?page_id=7107&amp;preview=true\">CONTACTO<\/a><\/p>\n","protected":false},"excerpt":{"rendered":"<p>PREINSCRIPCI\u00d3N Y MATRICULACI\u00d3N T\u00cdTULOS LIBROS DE TEXTO CALENDARIO CONTACTO<\/p>\n","protected":false},"author":3,"featured_media":0,"parent":0,"menu_order":0,"comment_status":"closed","ping_status":"closed","template":"","meta":[],"_links":{"self":[{"href":"https:\/\/www.iespedromunozseca.es\/index.php?rest_route=\/wp\/v2\/pages\/7110"}],"collection":[{"href":"https:\/\/www.iespedromunozseca.es\/index.php?rest_route=\/wp\/v2\/pages"}],"about":[{"href":"https:\/\/www.iespedromunozseca.es\/index.php?rest_route=\/wp\/v2\/types\/page"}],"author":[{"embeddable":true,"href":"https:\/\/www.iespedromunozseca.es\/index.php?rest_route=\/wp\/v2\/users\/3"}],"replies":[{"embeddable":true,"href":"https:\/\/www.iespedromunozseca.es\/index.php?rest_route=%2Fwp%2Fv2%2Fcomments&post=7110"}],"version-history":[{"count":2,"href":"https:\/\/www.iespedromunozseca.es\/index.php?rest_route=\/wp\/v2\/pages\/7110\/revisions"}],"predecessor-version":[{"id":7441,"href":"https:\/\/www.iespedromunozseca.es\/index.php?rest_route=\/wp\/v2\/pages\/7110\/revisions\/7441"}],"wp:attachment":[{"href":"https:\/\/www.iespedromunozseca.es\/index.php?rest_route=%2Fwp%2Fv2%2Fmedia&parent=7110"}],"curies":[{"name":"wp","href":"https:\/\/api.w.org\/{rel}","templated":true}]}}