{"id":51,"date":"2009-05-27T21:46:01","date_gmt":"2009-05-27T19:46:01","guid":{"rendered":"http:\/\/www.iespedromunozseca.es\/?page_id=51"},"modified":"2014-11-04T19:39:12","modified_gmt":"2014-11-04T17:39:12","slug":"cfgs-gestion-de-alojamientos-turisticos","status":"publish","type":"page","link":"https:\/\/www.iespedromunozseca.es\/?page_id=51","title":{"rendered":"C.F.G.S. Gesti\u00f3n de Alojamientos Tur\u00edsticos (biling\u00fce)"},"content":{"rendered":"<p><a href=\"http:\/\/www.iespedromunozseca.es\/wp-content\/uploads\/2009\/05\/recepcionista-hombre.jpg\"><img decoding=\"async\" loading=\"lazy\" class=\"aligncenter size-full wp-image-150\" width=\"760\" src=\"http:\/\/www.iespedromunozseca.es\/wp-content\/uploads\/2009\/05\/recepcionista-hombre.jpg\" alt=\"\" height=\"279\" srcset=\"https:\/\/www.iespedromunozseca.es\/wp-content\/uploads\/2009\/05\/recepcionista-hombre.jpg 760w, https:\/\/www.iespedromunozseca.es\/wp-content\/uploads\/2009\/05\/recepcionista-hombre-300x110.jpg 300w\" sizes=\"(max-width: 760px) 100vw, 760px\" \/><\/a>Si quieres algo m\u00e1s de informaci\u00f3n de este ciclo, pincha aqu\u00ed:<\/p>\n<h2><a href=\"http:\/\/www.iespedromunozseca.es\/wp-content\/uploads\/2009\/05\/gestion-de-alojamientos-turisticos.pdf\">gesti\u00f3n-de-alojamientos-tur\u00edsticos<\/a><\/h2>\n<h2><a href=\"http:\/\/www.iespedromunozseca.es\/wp-content\/uploads\/2009\/05\/acommodation-management.pps\">acommodation-management<\/a><\/h2>\n<p>o puedes escribirnos un email a:<\/p>\n<p>turismo@iespedromunozseca.es<\/p>\n<p style=\"text-align: right;\"><a href=\"http:\/\/www.iespedromunozseca.es\/wp-content\/uploads\/2009\/05\/tecnico-superior-en-gestion-de-alojamientos-turisticos.pdf\">Orden T\u00e9cnico Superior en Gesti\u00f3n de Alojamientos Tur\u00edsticos<\/a><\/p>\n","protected":false},"excerpt":{"rendered":"<p>Si quieres algo m\u00e1s de informaci\u00f3n de este ciclo, pincha aqu\u00ed: gesti\u00f3n-de-alojamientos-tur\u00edsticos acommodation-management o puedes escribirnos un email a: turismo@iespedromunozseca.es Orden T\u00e9cnico Superior en Gesti\u00f3n de Alojamientos Tur\u00edsticos<\/p>\n","protected":false},"author":1,"featured_media":0,"parent":15,"menu_order":4,"comment_status":"closed","ping_status":"open","template":"","meta":[],"_links":{"self":[{"href":"https:\/\/www.iespedromunozseca.es\/index.php?rest_route=\/wp\/v2\/pages\/51"}],"collection":[{"href":"https:\/\/www.iespedromunozseca.es\/index.php?rest_route=\/wp\/v2\/pages"}],"about":[{"href":"https:\/\/www.iespedromunozseca.es\/index.php?rest_route=\/wp\/v2\/types\/page"}],"author":[{"embeddable":true,"href":"https:\/\/www.iespedromunozseca.es\/index.php?rest_route=\/wp\/v2\/users\/1"}],"replies":[{"embeddable":true,"href":"https:\/\/www.iespedromunozseca.es\/index.php?rest_route=%2Fwp%2Fv2%2Fcomments&post=51"}],"version-history":[{"count":19,"href":"https:\/\/www.iespedromunozseca.es\/index.php?rest_route=\/wp\/v2\/pages\/51\/revisions"}],"predecessor-version":[{"id":4103,"href":"https:\/\/www.iespedromunozseca.es\/index.php?rest_route=\/wp\/v2\/pages\/51\/revisions\/4103"}],"up":[{"embeddable":true,"href":"https:\/\/www.iespedromunozseca.es\/index.php?rest_route=\/wp\/v2\/pages\/15"}],"wp:attachment":[{"href":"https:\/\/www.iespedromunozseca.es\/index.php?rest_route=%2Fwp%2Fv2%2Fmedia&parent=51"}],"curies":[{"name":"wp","href":"https:\/\/api.w.org\/{rel}","templated":true}]}}