{"id":49,"date":"2009-05-27T21:45:17","date_gmt":"2009-05-27T19:45:17","guid":{"rendered":"http:\/\/www.iespedromunozseca.es\/?page_id=49"},"modified":"2014-11-04T19:25:45","modified_gmt":"2014-11-04T17:25:45","slug":"cfgs-agencias-de-viajes","status":"publish","type":"page","link":"https:\/\/www.iespedromunozseca.es\/?page_id=49","title":{"rendered":"C.F.G.S. Agencias de Viajes y Gti\u00f3n. de Eventos (biling\u00fce)"},"content":{"rendered":"<p><a href=\"http:\/\/www.iespedromunozseca.es\/wp-content\/uploads\/2009\/05\/viajes-agencia.jpg\"><img decoding=\"async\" loading=\"lazy\" class=\"aligncenter size-full wp-image-153\" width=\"420\" src=\"http:\/\/www.iespedromunozseca.es\/wp-content\/uploads\/2009\/05\/viajes-agencia.jpg\" alt=\"\" height=\"275\" srcset=\"https:\/\/www.iespedromunozseca.es\/wp-content\/uploads\/2009\/05\/viajes-agencia.jpg 420w, https:\/\/www.iespedromunozseca.es\/wp-content\/uploads\/2009\/05\/viajes-agencia-300x196.jpg 300w\" sizes=\"(max-width: 420px) 100vw, 420px\" \/><\/a>Si quieres saber algo m\u00e1s sobre este ciclo, pincha aqu\u00ed:<\/p>\n<h2><a href=\"http:\/\/www.iespedromunozseca.es\/wp-content\/uploads\/2009\/05\/agencias-viajes2.pps\"><\/a><a href=\"http:\/\/www.iespedromunozseca.es\/wp-content\/uploads\/2009\/05\/agencias-viajes-y-gestion-eventos.pdf\">agencias-viajes-y-gestion-eventos<\/a><\/h2>\n<h2><a href=\"http:\/\/www.iespedromunozseca.es\/wp-content\/uploads\/2009\/05\/travel-agency-course.pps\">travel-agency-course<\/a><\/h2>\n<p>o puedes escribirnos un email a:<\/p>\n<p>turismo@iespedromunozseca.es<\/p>\n<address style=\"text-align: right;\"><\/address>\n<p style=\"text-align: right;\"><a href=\"http:\/\/www.iespedromunozseca.es\/wp-content\/uploads\/2009\/05\/tecnico-superior-en-agencias-de-viajes.pdf\"><\/a><a href=\"http:\/\/www.iespedromunozseca.es\/wp-content\/uploads\/2009\/05\/orden_ts_agencias.pdf\">Orden del T\u00edtulo de T\u00e9cnico Superior en Agencias de Viajes y Gesti\u00f3n de Eventos<\/a><\/p>\n<address style=\"text-align: right;\"> <\/address>\n","protected":false},"excerpt":{"rendered":"<p>Si quieres saber algo m\u00e1s sobre este ciclo, pincha aqu\u00ed: agencias-viajes-y-gestion-eventos travel-agency-course o puedes escribirnos un email a: turismo@iespedromunozseca.es Orden del T\u00edtulo de T\u00e9cnico Superior en Agencias de Viajes y Gesti\u00f3n de Eventos<\/p>\n","protected":false},"author":1,"featured_media":0,"parent":15,"menu_order":3,"comment_status":"closed","ping_status":"closed","template":"","meta":[],"_links":{"self":[{"href":"https:\/\/www.iespedromunozseca.es\/index.php?rest_route=\/wp\/v2\/pages\/49"}],"collection":[{"href":"https:\/\/www.iespedromunozseca.es\/index.php?rest_route=\/wp\/v2\/pages"}],"about":[{"href":"https:\/\/www.iespedromunozseca.es\/index.php?rest_route=\/wp\/v2\/types\/page"}],"author":[{"embeddable":true,"href":"https:\/\/www.iespedromunozseca.es\/index.php?rest_route=\/wp\/v2\/users\/1"}],"replies":[{"embeddable":true,"href":"https:\/\/www.iespedromunozseca.es\/index.php?rest_route=%2Fwp%2Fv2%2Fcomments&post=49"}],"version-history":[{"count":22,"href":"https:\/\/www.iespedromunozseca.es\/index.php?rest_route=\/wp\/v2\/pages\/49\/revisions"}],"predecessor-version":[{"id":84,"href":"https:\/\/www.iespedromunozseca.es\/index.php?rest_route=\/wp\/v2\/pages\/49\/revisions\/84"}],"up":[{"embeddable":true,"href":"https:\/\/www.iespedromunozseca.es\/index.php?rest_route=\/wp\/v2\/pages\/15"}],"wp:attachment":[{"href":"https:\/\/www.iespedromunozseca.es\/index.php?rest_route=%2Fwp%2Fv2%2Fmedia&parent=49"}],"curies":[{"name":"wp","href":"https:\/\/api.w.org\/{rel}","templated":true}]}}