{"id":4362,"date":"2015-11-14T11:54:05","date_gmt":"2015-11-14T09:54:05","guid":{"rendered":"http:\/\/www.iespedromunozseca.es\/?page_id=4362"},"modified":"2016-04-14T13:27:16","modified_gmt":"2016-04-14T11:27:16","slug":"mesa-dulce-de-halloween-2015","status":"publish","type":"page","link":"https:\/\/www.iespedromunozseca.es\/?page_id=4362","title":{"rendered":"Mesa Dulce de Halloween 2015"},"content":{"rendered":"<p><span>Los alumnos de 4\u00ba ESO del Proyecto Integrado de Reposter\u00eda Creativa realizaron un proyecto de decoraci\u00f3n de una mesa dulce para la celebraci\u00f3n de Halloween que forma parte del trabajo semanal que realizan. <\/span><\/p>\n<p><span>Participaron los alumnos Carolina Acal, Juan Miguel Arniz, Juan Luis Bollullos, Kiomara Bravo, Alejandro Caravaca, Aitana de los Reyes, Francisco Gallardo, Alejandro G\u00f3mez, Adri\u00e1n M\u00e1rquez, Laura Ana Garc\u00eda, Adri\u00e1n Reyes, Juan Esteban R\u00edos, Matthieu Rocha, Daniela Salmer\u00f3n y Nerea Serrano.<\/span><\/p>\n<p><span>Aqui podeis ver los espectacurales resultados que obtuvieron. \u00a1Estaba todo riqu\u00edsimo!<\/span><\/p>\n<div id='gallery-1' class='gallery galleryid-4362 gallery-columns-2 gallery-size-thumbnail'><figure class='gallery-item'>\n\t\t\t<div class='gallery-icon landscape'>\n\t\t\t\t<a href='https:\/\/www.iespedromunozseca.es\/wp-content\/uploads\/2015\/11\/cam029691.jpg'><img width=\"150\" height=\"150\" src=\"https:\/\/www.iespedromunozseca.es\/wp-content\/uploads\/2015\/11\/cam029691-150x150.jpg\" class=\"attachment-thumbnail size-thumbnail\" alt=\"\" decoding=\"async\" loading=\"lazy\" \/><\/a>\n\t\t\t<\/div><\/figure><figure class='gallery-item'>\n\t\t\t<div class='gallery-icon portrait'>\n\t\t\t\t<a href='https:\/\/www.iespedromunozseca.es\/wp-content\/uploads\/2015\/11\/cam02972.jpg'><img width=\"150\" height=\"150\" src=\"https:\/\/www.iespedromunozseca.es\/wp-content\/uploads\/2015\/11\/cam02972-150x150.jpg\" class=\"attachment-thumbnail size-thumbnail\" alt=\"\" decoding=\"async\" loading=\"lazy\" \/><\/a>\n\t\t\t<\/div><\/figure><figure class='gallery-item'>\n\t\t\t<div class='gallery-icon portrait'>\n\t\t\t\t<a href='https:\/\/www.iespedromunozseca.es\/wp-content\/uploads\/2015\/11\/cam02973.jpg'><img width=\"150\" height=\"150\" src=\"https:\/\/www.iespedromunozseca.es\/wp-content\/uploads\/2015\/11\/cam02973-150x150.jpg\" class=\"attachment-thumbnail size-thumbnail\" alt=\"\" decoding=\"async\" loading=\"lazy\" \/><\/a>\n\t\t\t<\/div><\/figure><figure class='gallery-item'>\n\t\t\t<div class='gallery-icon landscape'>\n\t\t\t\t<a href='https:\/\/www.iespedromunozseca.es\/wp-content\/uploads\/2015\/11\/cam02974.jpg'><img width=\"150\" height=\"150\" src=\"https:\/\/www.iespedromunozseca.es\/wp-content\/uploads\/2015\/11\/cam02974-150x150.jpg\" class=\"attachment-thumbnail size-thumbnail\" alt=\"\" decoding=\"async\" loading=\"lazy\" \/><\/a>\n\t\t\t<\/div><\/figure><figure class='gallery-item'>\n\t\t\t<div class='gallery-icon landscape'>\n\t\t\t\t<a href='https:\/\/www.iespedromunozseca.es\/wp-content\/uploads\/2015\/11\/cam02975.jpg'><img width=\"150\" height=\"150\" src=\"https:\/\/www.iespedromunozseca.es\/wp-content\/uploads\/2015\/11\/cam02975-150x150.jpg\" class=\"attachment-thumbnail size-thumbnail\" alt=\"\" decoding=\"async\" loading=\"lazy\" \/><\/a>\n\t\t\t<\/div><\/figure><figure class='gallery-item'>\n\t\t\t<div class='gallery-icon landscape'>\n\t\t\t\t<a href='https:\/\/www.iespedromunozseca.es\/wp-content\/uploads\/2015\/11\/cam02976.jpg'><img width=\"150\" height=\"150\" src=\"https:\/\/www.iespedromunozseca.es\/wp-content\/uploads\/2015\/11\/cam02976-150x150.jpg\" class=\"attachment-thumbnail size-thumbnail\" alt=\"\" decoding=\"async\" loading=\"lazy\" \/><\/a>\n\t\t\t<\/div><\/figure><figure class='gallery-item'>\n\t\t\t<div class='gallery-icon portrait'>\n\t\t\t\t<a href='https:\/\/www.iespedromunozseca.es\/wp-content\/uploads\/2015\/11\/cam02978.jpg'><img width=\"150\" height=\"150\" src=\"https:\/\/www.iespedromunozseca.es\/wp-content\/uploads\/2015\/11\/cam02978-150x150.jpg\" class=\"attachment-thumbnail size-thumbnail\" alt=\"\" decoding=\"async\" loading=\"lazy\" \/><\/a>\n\t\t\t<\/div><\/figure><figure class='gallery-item'>\n\t\t\t<div class='gallery-icon landscape'>\n\t\t\t\t<a href='https:\/\/www.iespedromunozseca.es\/wp-content\/uploads\/2015\/11\/img_20151016_102048.jpg'><img width=\"150\" height=\"150\" src=\"https:\/\/www.iespedromunozseca.es\/wp-content\/uploads\/2015\/11\/img_20151016_102048-150x150.jpg\" class=\"attachment-thumbnail size-thumbnail\" alt=\"\" decoding=\"async\" loading=\"lazy\" \/><\/a>\n\t\t\t<\/div><\/figure><figure class='gallery-item'>\n\t\t\t<div class='gallery-icon landscape'>\n\t\t\t\t<a href='https:\/\/www.iespedromunozseca.es\/wp-content\/uploads\/2015\/11\/img_20151030_103814.jpg'><img width=\"150\" height=\"150\" src=\"https:\/\/www.iespedromunozseca.es\/wp-content\/uploads\/2015\/11\/img_20151030_103814-150x150.jpg\" class=\"attachment-thumbnail size-thumbnail\" alt=\"\" decoding=\"async\" loading=\"lazy\" \/><\/a>\n\t\t\t<\/div><\/figure><figure class='gallery-item'>\n\t\t\t<div class='gallery-icon landscape'>\n\t\t\t\t<a href='https:\/\/www.iespedromunozseca.es\/wp-content\/uploads\/2015\/11\/img_20151030_104158.jpg'><img width=\"150\" height=\"150\" src=\"https:\/\/www.iespedromunozseca.es\/wp-content\/uploads\/2015\/11\/img_20151030_104158-150x150.jpg\" class=\"attachment-thumbnail size-thumbnail\" alt=\"\" decoding=\"async\" loading=\"lazy\" \/><\/a>\n\t\t\t<\/div><\/figure><figure class='gallery-item'>\n\t\t\t<div class='gallery-icon landscape'>\n\t\t\t\t<a href='https:\/\/www.iespedromunozseca.es\/wp-content\/uploads\/2015\/11\/img_20151030_104208.jpg'><img width=\"150\" height=\"150\" src=\"https:\/\/www.iespedromunozseca.es\/wp-content\/uploads\/2015\/11\/img_20151030_104208-150x150.jpg\" class=\"attachment-thumbnail size-thumbnail\" alt=\"\" decoding=\"async\" loading=\"lazy\" \/><\/a>\n\t\t\t<\/div><\/figure><figure class='gallery-item'>\n\t\t\t<div class='gallery-icon landscape'>\n\t\t\t\t<a href='https:\/\/www.iespedromunozseca.es\/wp-content\/uploads\/2015\/11\/img_20151030_104241.jpg'><img width=\"150\" height=\"150\" src=\"https:\/\/www.iespedromunozseca.es\/wp-content\/uploads\/2015\/11\/img_20151030_104241-150x150.jpg\" class=\"attachment-thumbnail size-thumbnail\" alt=\"\" decoding=\"async\" loading=\"lazy\" \/><\/a>\n\t\t\t<\/div><\/figure><figure class='gallery-item'>\n\t\t\t<div class='gallery-icon landscape'>\n\t\t\t\t<a href='https:\/\/www.iespedromunozseca.es\/wp-content\/uploads\/2015\/11\/img_20151030_104951.jpg'><img width=\"150\" height=\"150\" src=\"https:\/\/www.iespedromunozseca.es\/wp-content\/uploads\/2015\/11\/img_20151030_104951-150x150.jpg\" class=\"attachment-thumbnail size-thumbnail\" alt=\"\" decoding=\"async\" loading=\"lazy\" \/><\/a>\n\t\t\t<\/div><\/figure>\n\t\t<\/div>\n\n","protected":false},"excerpt":{"rendered":"<p>Los alumnos de 4\u00ba ESO del Proyecto Integrado de Reposter\u00eda Creativa realizaron un proyecto de decoraci\u00f3n de una mesa dulce para la celebraci\u00f3n de Halloween que forma parte del trabajo semanal que realizan. Participaron los alumnos Carolina Acal, Juan Miguel Arniz, Juan Luis Bollullos, Kiomara Bravo, Alejandro Caravaca, Aitana de los Reyes, Francisco Gallardo, Alejandro G\u00f3mez, Adri\u00e1n M\u00e1rquez, Laura Ana Garc\u00eda, Adri\u00e1n Reyes, Juan Esteban R\u00edos, Matthieu Rocha, Daniela Salmer\u00f3n y Nerea Serrano. Aqui podeis ver los espectacurales resultados que&#8230;<\/p>\n<p class=\"read-more\"><a class=\"btn btn-default\" href=\"https:\/\/www.iespedromunozseca.es\/?page_id=4362\"> Leer m\u00e1s<span class=\"screen-reader-text\">  Leer m\u00e1s<\/span><\/a><\/p>\n","protected":false},"author":3,"featured_media":0,"parent":4357,"menu_order":0,"comment_status":"closed","ping_status":"open","template":"","meta":[],"_links":{"self":[{"href":"https:\/\/www.iespedromunozseca.es\/index.php?rest_route=\/wp\/v2\/pages\/4362"}],"collection":[{"href":"https:\/\/www.iespedromunozseca.es\/index.php?rest_route=\/wp\/v2\/pages"}],"about":[{"href":"https:\/\/www.iespedromunozseca.es\/index.php?rest_route=\/wp\/v2\/types\/page"}],"author":[{"embeddable":true,"href":"https:\/\/www.iespedromunozseca.es\/index.php?rest_route=\/wp\/v2\/users\/3"}],"replies":[{"embeddable":true,"href":"https:\/\/www.iespedromunozseca.es\/index.php?rest_route=%2Fwp%2Fv2%2Fcomments&post=4362"}],"version-history":[{"count":6,"href":"https:\/\/www.iespedromunozseca.es\/index.php?rest_route=\/wp\/v2\/pages\/4362\/revisions"}],"predecessor-version":[{"id":4406,"href":"https:\/\/www.iespedromunozseca.es\/index.php?rest_route=\/wp\/v2\/pages\/4362\/revisions\/4406"}],"up":[{"embeddable":true,"href":"https:\/\/www.iespedromunozseca.es\/index.php?rest_route=\/wp\/v2\/pages\/4357"}],"wp:attachment":[{"href":"https:\/\/www.iespedromunozseca.es\/index.php?rest_route=%2Fwp%2Fv2%2Fmedia&parent=4362"}],"curies":[{"name":"wp","href":"https:\/\/api.w.org\/{rel}","templated":true}]}}