{"id":2317,"date":"2010-02-19T12:09:18","date_gmt":"2010-02-19T10:09:18","guid":{"rendered":"http:\/\/www.iespedromunozseca.es\/?page_id=2317"},"modified":"2021-03-18T16:52:34","modified_gmt":"2021-03-18T14:52:34","slug":"titulos-2","status":"publish","type":"page","link":"https:\/\/www.iespedromunozseca.es\/?page_id=2317","title":{"rendered":"T\u00cdTULOS"},"content":{"rendered":"<h2><span style=\"color: #ff0000;\">SOLICITUD DE T\u00cdTULO<\/span><\/h2>\n<p><a href=\"http:\/\/www.iespedromunozseca.es\/wp-content\/uploads\/2010\/02\/instrucciones-para-cumplimentar-el-modelo-046.pdf\">instrucciones-para-cumplimentar-el-modelo-046<\/a> (c\u00f3mo rellenar el modelo 046)<\/p>\n<p><span style=\"color: #ff0000;\">RECOGIDA DE T\u00cdTULOS<\/span><\/p>\n<p>Para recoger un t\u00edtulo debe presentarse personalmente en la Secretar\u00eda del centro en horario de atenci\u00f3n al p\u00fablico provisto de su D.N.I.<\/p>\n<p>Si no puede hacerlo personalmente, podr\u00e1 autorizar a otra persona, preferentemente un familiar, que deber\u00e1 presentar un escrito de autorizaci\u00f3n firmado por el titular en el que deber\u00e1 figurar el nombre y apellidos de la persona autorizada y su n\u00famero de D.N.I. junto con una fotocopia simple del D.N.I. del alumno que autoriza a retirar su t\u00edtulo.\u00a0\u00a0La persona autorizada deber\u00e1\u00a0acreditarse mediante \u00a0su D.N.I.<\/p>\n","protected":false},"excerpt":{"rendered":"<p>SOLICITUD DE T\u00cdTULO instrucciones-para-cumplimentar-el-modelo-046 (c\u00f3mo rellenar el modelo 046) RECOGIDA DE T\u00cdTULOS Para recoger un t\u00edtulo debe presentarse personalmente en la Secretar\u00eda del centro en horario de atenci\u00f3n al p\u00fablico provisto de su D.N.I. Si no puede hacerlo personalmente, podr\u00e1 autorizar a otra persona, preferentemente un familiar, que deber\u00e1 presentar un escrito de autorizaci\u00f3n firmado por el titular en el que deber\u00e1 figurar el nombre y apellidos de la persona autorizada y su n\u00famero de D.N.I. junto con una fotocopia&#8230;<\/p>\n<p class=\"read-more\"><a class=\"btn btn-default\" href=\"https:\/\/www.iespedromunozseca.es\/?page_id=2317\"> Leer m\u00e1s<span class=\"screen-reader-text\">  Leer m\u00e1s<\/span><\/a><\/p>\n","protected":false},"author":3,"featured_media":0,"parent":234,"menu_order":0,"comment_status":"closed","ping_status":"open","template":"","meta":[],"_links":{"self":[{"href":"https:\/\/www.iespedromunozseca.es\/index.php?rest_route=\/wp\/v2\/pages\/2317"}],"collection":[{"href":"https:\/\/www.iespedromunozseca.es\/index.php?rest_route=\/wp\/v2\/pages"}],"about":[{"href":"https:\/\/www.iespedromunozseca.es\/index.php?rest_route=\/wp\/v2\/types\/page"}],"author":[{"embeddable":true,"href":"https:\/\/www.iespedromunozseca.es\/index.php?rest_route=\/wp\/v2\/users\/3"}],"replies":[{"embeddable":true,"href":"https:\/\/www.iespedromunozseca.es\/index.php?rest_route=%2Fwp%2Fv2%2Fcomments&post=2317"}],"version-history":[{"count":16,"href":"https:\/\/www.iespedromunozseca.es\/index.php?rest_route=\/wp\/v2\/pages\/2317\/revisions"}],"predecessor-version":[{"id":8014,"href":"https:\/\/www.iespedromunozseca.es\/index.php?rest_route=\/wp\/v2\/pages\/2317\/revisions\/8014"}],"up":[{"embeddable":true,"href":"https:\/\/www.iespedromunozseca.es\/index.php?rest_route=\/wp\/v2\/pages\/234"}],"wp:attachment":[{"href":"https:\/\/www.iespedromunozseca.es\/index.php?rest_route=%2Fwp%2Fv2%2Fmedia&parent=2317"}],"curies":[{"name":"wp","href":"https:\/\/api.w.org\/{rel}","templated":true}]}}